{"id":3,"date":"2024-09-04T18:00:22","date_gmt":"2024-09-04T16:00:22","guid":{"rendered":"http:\/\/ema-evreux.fr\/?page_id=3"},"modified":"2025-07-08T17:25:28","modified_gmt":"2025-07-08T15:25:28","slug":"politique-de-confidentialite","status":"publish","type":"page","link":"https:\/\/ema-evreux.fr\/index.php\/accueil\/politique-de-confidentialite\/","title":{"rendered":"Politique de confidentialit\u00e9 et r\u00e8glement int\u00e9rieur"},"content":{"rendered":"\t\t<div data-elementor-type=\"wp-page\" data-elementor-id=\"3\" class=\"elementor elementor-3\">\n\t\t\t\t<div class=\"elementor-element elementor-element-24b5bdad e-flex e-con-boxed e-con e-parent\" data-id=\"24b5bdad\" data-element_type=\"container\" data-e-type=\"container\">\n\t\t\t\t\t<div class=\"e-con-inner\">\n\t\t\t\t<div class=\"elementor-element elementor-element-7af536e elementor-widget elementor-widget-heading\" data-id=\"7af536e\" data-element_type=\"widget\" data-e-type=\"widget\" data-widget_type=\"heading.default\">\n\t\t\t\t<div class=\"elementor-widget-container\">\n\t\t\t\t\t<h2 class=\"elementor-heading-title elementor-size-default\">Politique de confidentialit\u00e9<\/h2>\t\t\t\t<\/div>\n\t\t\t\t<\/div>\n\t\t\t\t<div class=\"elementor-element elementor-element-3e4260eb elementor-widget elementor-widget-text-editor\" data-id=\"3e4260eb\" data-element_type=\"widget\" data-e-type=\"widget\" data-widget_type=\"text-editor.default\">\n\t\t\t\t<div class=\"elementor-widget-container\">\n\t\t\t\t\t\t\t\t\t<h2>Qui sommes-nous\u00a0?<\/h2><p><!-- \/wp:heading --><!-- wp:paragraph --><\/p><p>l&#8217; \u00c9coles des Musiques Actuelle (E.M.A.) d&#8217;\u00c9vreux,<br \/>\u00a0cr\u00e9\u00e9e en 1997, <br \/>Association Loi 1901 n\u00b0 W273003581<br \/>SIREN 413 670 944<br \/>APE 8552Z<br \/>Notre site est : http:\/\/ema-evreux.fr.<br \/>Notre adresse e-mail : ema.evreux27@gmail.com<\/p><p><!-- \/wp:paragraph --><!-- wp:heading --><\/p><h2>Commentaires<\/h2><p><!-- \/wp:heading --><!-- wp:paragraph --><\/p><p>Les commentaires ne sont pas autoris\u00e9s sur notre site. Pour toutes remarques ou demande de correction, merci d&#8217;envoyer un e-mail \u00e0 ema.evreux27@gmail.com<\/p><p><!-- \/wp:paragraph --><!-- wp:heading --><\/p><h2>M\u00e9dias<\/h2><p><!-- \/wp:heading --><!-- wp:paragraph --><\/p><p>Les Photos et musiques d\u00e9pos\u00e9es sur ce site sont la propri\u00e9t\u00e9 exclusive de l&#8217;E.M.A. et ne peuvent pas \u00eatre utiliser sans l&#8217;autorisation expresse de l&#8217;E.M.A. sous peine de poursuites judiciaires.<\/p><p><!-- \/wp:paragraph --><!-- wp:heading --><!-- \/wp:paragraph --><!-- wp:heading --><!-- \/wp:paragraph --><!-- wp:heading --><\/p><h2>Utilisation et transmission de vos donn\u00e9es personnelles<\/h2><p><!-- \/wp:heading --><!-- wp:paragraph --><\/p><p>Ce site n&#8217;enregistre aucune donn\u00e9es personnelles.<br \/>Les coordonn\u00e9es que vous transmettez par e-mail ou \u00e0 votre professeur ne seront pas divulgu\u00e9es \u00e0 un tiers.<\/p><p><!-- \/wp:paragraph --><\/p>\t\t\t\t\t\t\t\t<\/div>\n\t\t\t\t<\/div>\n\t\t\t\t\t<\/div>\n\t\t\t\t<\/div>\n\t\t<div class=\"elementor-element elementor-element-fc5413f e-flex e-con-boxed e-con e-parent\" data-id=\"fc5413f\" data-element_type=\"container\" data-e-type=\"container\">\n\t\t\t\t\t<div class=\"e-con-inner\">\n\t\t\t\t<div class=\"elementor-element elementor-element-33cb1a3 elementor-widget-divider--view-line elementor-widget elementor-widget-divider\" data-id=\"33cb1a3\" data-element_type=\"widget\" data-e-type=\"widget\" data-widget_type=\"divider.default\">\n\t\t\t\t<div class=\"elementor-widget-container\">\n\t\t\t\t\t\t\t<div class=\"elementor-divider\">\n\t\t\t<span class=\"elementor-divider-separator\">\n\t\t\t\t\t\t<\/span>\n\t\t<\/div>\n\t\t\t\t\t\t<\/div>\n\t\t\t\t<\/div>\n\t\t\t\t<div class=\"elementor-element elementor-element-827fa1c elementor-widget elementor-widget-heading\" data-id=\"827fa1c\" data-element_type=\"widget\" data-e-type=\"widget\" data-widget_type=\"heading.default\">\n\t\t\t\t<div class=\"elementor-widget-container\">\n\t\t\t\t\t<h2 class=\"elementor-heading-title elementor-size-default\">R\u00e8glement int\u00e9rieur<\/h2>\t\t\t\t<\/div>\n\t\t\t\t<\/div>\n\t\t\t\t<div class=\"elementor-element elementor-element-7e90419 elementor-widget elementor-widget-text-editor\" data-id=\"7e90419\" data-element_type=\"widget\" data-e-type=\"widget\" data-widget_type=\"text-editor.default\">\n\t\t\t\t<div class=\"elementor-widget-container\">\n\t\t\t\t\t\t\t\t\t<p>Les \u00e9l\u00e8ves de tous \u00e2ges sachant lire et \u00e9crire sont autoris\u00e9s \u00e0 suivre les cours dans les locaux de l&#8217;association.<\/p>\n<p>L&#8217;inscription est re\u00e7ue \u00e0 tout moment de l&#8217;ann\u00e9e. L&#8217;engagement est bas\u00e9 sur la dur\u00e9e de l&#8217;ann\u00e9e scolaire.<\/p>\n<p>Le calendrier se compose de 33 \u00e0 35 cours (variabilit\u00e9 due aux jours f\u00e9ri\u00e9s) dispens\u00e9s sur les 10 mois de l&#8217;ann\u00e9e scolaire.<\/p>\n<p>Le forfait annuel des cours est acquittable jusqu&#8217;\u00e0 10 mensualit\u00e9s \u00e0 remettre soit \u00e0 l&#8217;inscription, soit au mois de septembre.<\/p>\n<p>Toute le\u00e7on commenc\u00e9e en retard ne peut se prolonger au-del\u00e0 de l&#8217;heure pr\u00e9vue.<\/p>\n<p>Les absences pour arr\u00eat temporaire ou d\u00e9finitif, vacances personnelles, voyages scolaires, rendez-vous, oubli ainsi que les jours f\u00e9ri\u00e9s ne sont ni d\u00e9ductibles, ni remplac\u00e9s, ni rembours\u00e9s.<\/p>\n<p>Seront remplac\u00e9es ou d\u00e9duites, les absences du professeur.<\/p>\n<p>L&#8217;\u00e9l\u00e8ve se doit de respecter les locaux et le mat\u00e9riel mis \u00e0 sa disposition.<\/p>\n<p>La rupture du contrat s&#8217;\u00e9tablit sur l&#8217;accord de l&#8217;\u00e9l\u00e8ve ou de son repr\u00e9sentant, le professeur et le bureau de l&#8217;association.<\/p>\t\t\t\t\t\t\t\t<\/div>\n\t\t\t\t<\/div>\n\t\t\t\t\t<\/div>\n\t\t\t\t<\/div>\n\t\t<div class=\"elementor-element elementor-element-68dc469 e-flex e-con-boxed e-con e-parent\" data-id=\"68dc469\" data-element_type=\"container\" data-e-type=\"container\">\n\t\t\t\t\t<div class=\"e-con-inner\">\n\t\t\t\t<div class=\"elementor-element elementor-element-81c8e2e elementor-widget elementor-widget-spacer\" data-id=\"81c8e2e\" data-element_type=\"widget\" data-e-type=\"widget\" data-widget_type=\"spacer.default\">\n\t\t\t\t<div class=\"elementor-widget-container\">\n\t\t\t\t\t\t\t<div class=\"elementor-spacer\">\n\t\t\t<div class=\"elementor-spacer-inner\"><\/div>\n\t\t<\/div>\n\t\t\t\t\t\t<\/div>\n\t\t\t\t<\/div>\n\t\t\t\t\t<\/div>\n\t\t\t\t<\/div>\n\t\t\t\t<\/div>\n\t\t","protected":false},"excerpt":{"rendered":"<p>Politique de confidentialit\u00e9 Qui sommes-nous\u00a0? l&#8217; \u00c9coles des Musiques Actuelle (E.M.A.) d&#8217;\u00c9vreux,\u00a0cr\u00e9\u00e9e en 1997, Association&hellip;<\/p>\n","protected":false},"author":1,"featured_media":0,"parent":32,"menu_order":0,"comment_status":"closed","ping_status":"closed","template":"elementor_canvas","meta":{"footnotes":""},"class_list":["post-3","page","type-page","status-publish","hentry"],"_links":{"self":[{"href":"https:\/\/ema-evreux.fr\/index.php\/wp-json\/wp\/v2\/pages\/3","targetHints":{"allow":["GET"]}}],"collection":[{"href":"https:\/\/ema-evreux.fr\/index.php\/wp-json\/wp\/v2\/pages"}],"about":[{"href":"https:\/\/ema-evreux.fr\/index.php\/wp-json\/wp\/v2\/types\/page"}],"author":[{"embeddable":true,"href":"https:\/\/ema-evreux.fr\/index.php\/wp-json\/wp\/v2\/users\/1"}],"replies":[{"embeddable":true,"href":"https:\/\/ema-evreux.fr\/index.php\/wp-json\/wp\/v2\/comments?post=3"}],"version-history":[{"count":13,"href":"https:\/\/ema-evreux.fr\/index.php\/wp-json\/wp\/v2\/pages\/3\/revisions"}],"predecessor-version":[{"id":295,"href":"https:\/\/ema-evreux.fr\/index.php\/wp-json\/wp\/v2\/pages\/3\/revisions\/295"}],"up":[{"embeddable":true,"href":"https:\/\/ema-evreux.fr\/index.php\/wp-json\/wp\/v2\/pages\/32"}],"wp:attachment":[{"href":"https:\/\/ema-evreux.fr\/index.php\/wp-json\/wp\/v2\/media?parent=3"}],"curies":[{"name":"wp","href":"https:\/\/api.w.org\/{rel}","templated":true}]}}