{"id":21,"date":"2024-09-09T10:20:14","date_gmt":"2024-09-09T08:20:14","guid":{"rendered":"http:\/\/ema-evreux.fr\/?page_id=21"},"modified":"2025-09-10T10:59:45","modified_gmt":"2025-09-10T08:59:45","slug":"contact","status":"publish","type":"page","link":"https:\/\/ema-evreux.fr\/index.php\/contact\/","title":{"rendered":"Contact"},"content":{"rendered":"\t\t<div data-elementor-type=\"wp-page\" data-elementor-id=\"21\" class=\"elementor elementor-21\">\n\t\t\t\t<div class=\"elementor-element elementor-element-bdb5d7c e-flex e-con-boxed e-con e-parent\" data-id=\"bdb5d7c\" data-element_type=\"container\" data-e-type=\"container\">\n\t\t\t\t\t<div class=\"e-con-inner\">\n\t\t<div class=\"elementor-element elementor-element-91ac9cc e-con-full e-flex e-con e-child\" data-id=\"91ac9cc\" data-element_type=\"container\" data-e-type=\"container\">\n\t\t\t\t<\/div>\n\t\t<div class=\"elementor-element elementor-element-3486ae3 e-con-full e-flex e-con e-child\" data-id=\"3486ae3\" data-element_type=\"container\" data-e-type=\"container\">\n\t\t\t\t<div class=\"elementor-element elementor-element-1efe52a elementor-position-top elementor-invisible elementor-widget elementor-widget-image-box\" data-id=\"1efe52a\" data-element_type=\"widget\" data-e-type=\"widget\" data-settings=\"{&quot;_animation&quot;:&quot;fadeInDown&quot;}\" data-widget_type=\"image-box.default\">\n\t\t\t\t<div class=\"elementor-widget-container\">\n\t\t\t\t\t<div class=\"elementor-image-box-wrapper\"><figure class=\"elementor-image-box-img\"><img fetchpriority=\"high\" decoding=\"async\" width=\"849\" height=\"849\" src=\"https:\/\/ema-evreux.fr\/wp-content\/uploads\/2024\/09\/44088649_242068319993753_1249260829396697088_n-e1725874515620.jpg\" class=\"attachment-full size-full wp-image-50\" alt=\"\" srcset=\"https:\/\/ema-evreux.fr\/wp-content\/uploads\/2024\/09\/44088649_242068319993753_1249260829396697088_n-e1725874515620.jpg 849w, https:\/\/ema-evreux.fr\/wp-content\/uploads\/2024\/09\/44088649_242068319993753_1249260829396697088_n-e1725874515620-300x300.jpg 300w, https:\/\/ema-evreux.fr\/wp-content\/uploads\/2024\/09\/44088649_242068319993753_1249260829396697088_n-e1725874515620-150x150.jpg 150w, https:\/\/ema-evreux.fr\/wp-content\/uploads\/2024\/09\/44088649_242068319993753_1249260829396697088_n-e1725874515620-768x768.jpg 768w\" sizes=\"(max-width: 849px) 100vw, 849px\" \/><\/figure><div class=\"elementor-image-box-content\"><h3 class=\"elementor-image-box-title\">Erwan Dantan (guitares)<\/h3><p class=\"elementor-image-box-description\">07 62 18 84 10\u200b<\/p><\/div><\/div>\t\t\t\t<\/div>\n\t\t\t\t<\/div>\n\t\t\t\t<\/div>\n\t\t<div class=\"elementor-element elementor-element-faeb74b e-con-full e-flex e-con e-child\" data-id=\"faeb74b\" data-element_type=\"container\" data-e-type=\"container\">\n\t\t\t\t<div class=\"elementor-element elementor-element-2e91193 elementor-position-top elementor-invisible elementor-widget elementor-widget-image-box\" data-id=\"2e91193\" data-element_type=\"widget\" data-e-type=\"widget\" data-settings=\"{&quot;_animation&quot;:&quot;fadeInRight&quot;}\" data-widget_type=\"image-box.default\">\n\t\t\t\t<div class=\"elementor-widget-container\">\n\t\t\t\t\t<div class=\"elementor-image-box-wrapper\"><figure class=\"elementor-image-box-img\"><img decoding=\"async\" width=\"998\" height=\"998\" src=\"https:\/\/ema-evreux.fr\/wp-content\/uploads\/2024\/09\/DSCF5595-scaled-e1725874764540.jpg\" class=\"attachment-full size-full wp-image-51\" alt=\"\" srcset=\"https:\/\/ema-evreux.fr\/wp-content\/uploads\/2024\/09\/DSCF5595-scaled-e1725874764540.jpg 998w, https:\/\/ema-evreux.fr\/wp-content\/uploads\/2024\/09\/DSCF5595-scaled-e1725874764540-300x300.jpg 300w, https:\/\/ema-evreux.fr\/wp-content\/uploads\/2024\/09\/DSCF5595-scaled-e1725874764540-150x150.jpg 150w, https:\/\/ema-evreux.fr\/wp-content\/uploads\/2024\/09\/DSCF5595-scaled-e1725874764540-768x768.jpg 768w\" sizes=\"(max-width: 998px) 100vw, 998px\" \/><\/figure><div class=\"elementor-image-box-content\"><h3 class=\"elementor-image-box-title\">Denis Burel (piano et +)<\/h3><p class=\"elementor-image-box-description\">06 50 29 04 39\u200b<\/p><\/div><\/div>\t\t\t\t<\/div>\n\t\t\t\t<\/div>\n\t\t\t\t<\/div>\n\t\t<div class=\"elementor-element elementor-element-7ca5956 e-con-full e-flex e-con e-child\" data-id=\"7ca5956\" data-element_type=\"container\" data-e-type=\"container\">\n\t\t\t\t<div class=\"elementor-element elementor-element-086ebb6 elementor-widget elementor-widget-text-editor\" data-id=\"086ebb6\" data-element_type=\"widget\" data-e-type=\"widget\" data-widget_type=\"text-editor.default\">\n\t\t\t\t<div class=\"elementor-widget-container\">\n\t\t\t\t\t\t\t\t\t<p>\u00c9coles des musiques actuelles :<\/p><p>10 rue du G\u00e9n\u00e9ral Leclerc, 27000 \u00c9vreux<\/p><p>N&#8217;h\u00e9sitez pas \u00e0 nous envoyer un mail pour avoir des informations compl\u00e9mentaires :<br \/>ema.evreux27@gmail.com<\/p>\t\t\t\t\t\t\t\t<\/div>\n\t\t\t\t<\/div>\n\t\t\t\t<\/div>\n\t\t<div class=\"elementor-element elementor-element-f5b014e e-con-full e-flex e-con e-child\" data-id=\"f5b014e\" data-element_type=\"container\" data-e-type=\"container\">\n\t\t\t\t<div class=\"elementor-element elementor-element-c999475 elementor-widget elementor-widget-html\" data-id=\"c999475\" data-element_type=\"widget\" data-e-type=\"widget\" data-widget_type=\"html.default\">\n\t\t\t\t<div class=\"elementor-widget-container\">\n\t\t\t\t\t<iframe src=\"https:\/\/www.google.com\/maps\/embed?pb=!1m18!1m12!1m3!1d3111.0363371973!2d1.1470389115644601!3d49.028479095175676!2m3!1f0!2f0!3f0!3m2!1i1024!2i768!4f13.1!3m3!1m2!1s0x47e1475b783b1bc9%3A0x4c3558a3e72d0b52!2s10%20Rue%20du%20G%C3%A9n%C3%A9ral%20Leclerc%2C%2027000%20%C3%89vreux!5e0!3m2!1sfr!2sfr!4v1725868004467!5m2!1sfr!2sfr\" width=\"600\" height=\"450\" style=\"border:0;\" allowfullscreen=\"\" loading=\"lazy\" referrerpolicy=\"no-referrer-when-downgrade\"><\/iframe>\t\t\t\t<\/div>\n\t\t\t\t<\/div>\n\t\t\t\t<\/div>\n\t\t\t\t\t<\/div>\n\t\t\t\t<\/div>\n\t\t\t\t<\/div>\n\t\t","protected":false},"excerpt":{"rendered":"<p>Erwan Dantan (guitares) 07 62 18 84 10\u200b Denis Burel (piano et +) 06 50&hellip;<\/p>\n","protected":false},"author":1,"featured_media":0,"parent":0,"menu_order":0,"comment_status":"closed","ping_status":"closed","template":"elementor_header_footer","meta":{"footnotes":""},"class_list":["post-21","page","type-page","status-publish","hentry"],"_links":{"self":[{"href":"https:\/\/ema-evreux.fr\/index.php\/wp-json\/wp\/v2\/pages\/21","targetHints":{"allow":["GET"]}}],"collection":[{"href":"https:\/\/ema-evreux.fr\/index.php\/wp-json\/wp\/v2\/pages"}],"about":[{"href":"https:\/\/ema-evreux.fr\/index.php\/wp-json\/wp\/v2\/types\/page"}],"author":[{"embeddable":true,"href":"https:\/\/ema-evreux.fr\/index.php\/wp-json\/wp\/v2\/users\/1"}],"replies":[{"embeddable":true,"href":"https:\/\/ema-evreux.fr\/index.php\/wp-json\/wp\/v2\/comments?post=21"}],"version-history":[{"count":19,"href":"https:\/\/ema-evreux.fr\/index.php\/wp-json\/wp\/v2\/pages\/21\/revisions"}],"predecessor-version":[{"id":315,"href":"https:\/\/ema-evreux.fr\/index.php\/wp-json\/wp\/v2\/pages\/21\/revisions\/315"}],"wp:attachment":[{"href":"https:\/\/ema-evreux.fr\/index.php\/wp-json\/wp\/v2\/media?parent=21"}],"curies":[{"name":"wp","href":"https:\/\/api.w.org\/{rel}","templated":true}]}}