{"id":20,"date":"2024-09-09T10:20:14","date_gmt":"2024-09-09T08:20:14","guid":{"rendered":"http:\/\/ema-evreux.fr\/?page_id=20"},"modified":"2025-07-08T16:47:15","modified_gmt":"2025-07-08T14:47:15","slug":"tarifs","status":"publish","type":"page","link":"https:\/\/ema-evreux.fr\/index.php\/tarifs\/","title":{"rendered":"Tarifs"},"content":{"rendered":"\t\t<div data-elementor-type=\"wp-page\" data-elementor-id=\"20\" class=\"elementor elementor-20\">\n\t\t\t\t<div class=\"elementor-element elementor-element-6a96f29 e-flex e-con-boxed e-con e-parent\" data-id=\"6a96f29\" data-element_type=\"container\" data-e-type=\"container\">\n\t\t\t\t\t<div class=\"e-con-inner\">\n\t\t\t\t<div class=\"elementor-element elementor-element-de5035c elementor-invisible elementor-widget elementor-widget-heading\" data-id=\"de5035c\" data-element_type=\"widget\" data-e-type=\"widget\" data-settings=\"{&quot;_animation&quot;:&quot;fadeInLeft&quot;}\" data-widget_type=\"heading.default\">\n\t\t\t\t<div class=\"elementor-widget-container\">\n\t\t\t\t\t<h2 class=\"elementor-heading-title elementor-size-default\">Tarifs ann\u00e9e scolaire 2025\/26<\/h2>\t\t\t\t<\/div>\n\t\t\t\t<\/div>\n\t\t\t\t<div class=\"elementor-element elementor-element-b8896de elementor-invisible elementor-widget elementor-widget-text-editor\" data-id=\"b8896de\" data-element_type=\"widget\" data-e-type=\"widget\" data-settings=\"{&quot;_animation&quot;:&quot;fadeInRight&quot;}\" data-widget_type=\"text-editor.default\">\n\t\t\t\t<div class=\"elementor-widget-container\">\n\t\t\t\t\t\t\t\t\t<div id=\"comp-llpojs7d\" class=\"HcOXKn c9GqVL QxJLC3 comp-llpojs7d wixui-rich-text\" data-testid=\"richTextElement\"><h1 class=\"font_4 wixui-rich-text__text\">\u00a0<\/h1><\/div><div id=\"comp-llpoo3z9\" class=\"HcOXKn c9GqVL QxJLC3 comp-llpoo3z9 wixui-rich-text\" data-testid=\"richTextElement\"><p class=\"font_8 wixui-rich-text__text\"><span class=\"wixui-rich-text__text\">\u00a0Cours dispens\u00e9s sur la p\u00e9riode scolaire <\/span><span class=\"wixui-rich-text__text\">(un cours par semaine sauf vacances scolaires).<\/span><\/p><p class=\"font_8 wixui-rich-text__text\"><span class=\"wixui-rich-text__text\">Le paiement se fait lors de l\u2019inscription et peut \u00eatre fractionn\u00e9 jusqu\u2019\u00e0 10 fois.<\/span><\/p><p>Inscription: 30,00\u20ac pour l&#8217;ann\u00e9e scolaire<\/p><p class=\"font_8 wixui-rich-text__text\"><span class=\"wixui-rich-text__text\">(dur\u00e9e d&#8217;1 cours par semaine -&gt; prix annuel)<\/span><\/p><p class=\"font_8 wixui-rich-text__text\"><span class=\"wixui-rich-text__text\">\u00a0 \u00a0 \u00a0 \u2022 20 min -&gt; 560,00\u20ac soit 56,00\u20ac \/mois<\/span><\/p><p class=\"font_8 wixui-rich-text__text\"><span class=\"wixui-rich-text__text\">\u00a0 \u00a0 \u00a0 \u2022 30 min -&gt; 700,00\u20ac soit 70,00\u20ac \/mois.<\/span><\/p><p class=\"font_8 wixui-rich-text__text\"><span class=\"wixui-rich-text__text\">\u00a0 \u00a0 \u00a0 \u2022 45 min -&gt; 910,00\u20ac soit 91,00\u20ac\/mois.<\/span><\/p><p class=\"font_8 wixui-rich-text__text\"><span class=\"wixui-rich-text__text\">\u00a0 \u00a0 \u00a0 \u2022 60 min -&gt; 1280,00\u20ac soit 128,00\u20ac\/mois<br \/><\/span><\/p><p><span class=\"wixui-rich-text__text\">\u00a0Cours dispens\u00e9s \u00e0 &#8220;l&#8217;\u00c9cole des musiques actuelles&#8221; <strong>10 rue du g\u00e9n\u00e9ral Leclerc, Evreux (27)<\/strong><br \/><\/span><\/p><\/div><p>L&#8217;inscription annuelle est \u00e0 l&#8217;ordre de l&#8217;E.M.A , les cours \u00e0 r\u00e9gler aux professeurs.<\/p>\t\t\t\t\t\t\t\t<\/div>\n\t\t\t\t<\/div>\n\t\t\t\t\t<\/div>\n\t\t\t\t<\/div>\n\t\t\t\t<\/div>\n\t\t","protected":false},"excerpt":{"rendered":"<p>Tarifs ann\u00e9e scolaire 2025\/26 \u00a0 \u00a0Cours dispens\u00e9s sur la p\u00e9riode scolaire (un cours par semaine&hellip;<\/p>\n","protected":false},"author":1,"featured_media":0,"parent":0,"menu_order":0,"comment_status":"closed","ping_status":"closed","template":"elementor_header_footer","meta":{"footnotes":""},"class_list":["post-20","page","type-page","status-publish","hentry"],"_links":{"self":[{"href":"https:\/\/ema-evreux.fr\/index.php\/wp-json\/wp\/v2\/pages\/20","targetHints":{"allow":["GET"]}}],"collection":[{"href":"https:\/\/ema-evreux.fr\/index.php\/wp-json\/wp\/v2\/pages"}],"about":[{"href":"https:\/\/ema-evreux.fr\/index.php\/wp-json\/wp\/v2\/types\/page"}],"author":[{"embeddable":true,"href":"https:\/\/ema-evreux.fr\/index.php\/wp-json\/wp\/v2\/users\/1"}],"replies":[{"embeddable":true,"href":"https:\/\/ema-evreux.fr\/index.php\/wp-json\/wp\/v2\/comments?post=20"}],"version-history":[{"count":25,"href":"https:\/\/ema-evreux.fr\/index.php\/wp-json\/wp\/v2\/pages\/20\/revisions"}],"predecessor-version":[{"id":278,"href":"https:\/\/ema-evreux.fr\/index.php\/wp-json\/wp\/v2\/pages\/20\/revisions\/278"}],"wp:attachment":[{"href":"https:\/\/ema-evreux.fr\/index.php\/wp-json\/wp\/v2\/media?parent=20"}],"curies":[{"name":"wp","href":"https:\/\/api.w.org\/{rel}","templated":true}]}}