{"id":19,"date":"2024-09-09T10:20:14","date_gmt":"2024-09-09T08:20:14","guid":{"rendered":"http:\/\/ema-evreux.fr\/?page_id=19"},"modified":"2025-07-08T17:45:52","modified_gmt":"2025-07-08T15:45:52","slug":"guitare","status":"publish","type":"page","link":"https:\/\/ema-evreux.fr\/index.php\/guitare\/","title":{"rendered":"Guitare"},"content":{"rendered":"\t\t<div data-elementor-type=\"wp-page\" data-elementor-id=\"19\" class=\"elementor elementor-19\">\n\t\t\t\t<div class=\"elementor-element elementor-element-2a59906 e-flex e-con-boxed e-con e-parent\" data-id=\"2a59906\" data-element_type=\"container\" data-e-type=\"container\">\n\t\t\t\t\t<div class=\"e-con-inner\">\n\t\t<div class=\"elementor-element elementor-element-9a476c3 e-con-full e-flex e-con e-child\" data-id=\"9a476c3\" data-element_type=\"container\" data-e-type=\"container\">\n\t\t\t\t<div class=\"elementor-element elementor-element-9536b4a animated-slow elementor-invisible elementor-widget elementor-widget-image\" data-id=\"9536b4a\" data-element_type=\"widget\" data-e-type=\"widget\" data-settings=\"{&quot;_animation&quot;:&quot;fadeIn&quot;}\" data-widget_type=\"image.default\">\n\t\t\t\t<div class=\"elementor-widget-container\">\n\t\t\t\t\t\t\t\t\t\t\t\t\t\t\t<img fetchpriority=\"high\" decoding=\"async\" width=\"1536\" height=\"1023\" src=\"https:\/\/ema-evreux.fr\/wp-content\/uploads\/2024\/09\/44088649_242068319993753_1249260829396697088_n-1536x1023.jpg\" class=\"attachment-1536x1536 size-1536x1536 wp-image-50\" alt=\"\" srcset=\"https:\/\/ema-evreux.fr\/wp-content\/uploads\/2024\/09\/44088649_242068319993753_1249260829396697088_n-1536x1023.jpg 1536w, https:\/\/ema-evreux.fr\/wp-content\/uploads\/2024\/09\/44088649_242068319993753_1249260829396697088_n-1024x682.jpg 1024w\" sizes=\"(max-width: 1536px) 100vw, 1536px\" \/>\t\t\t\t\t\t\t\t\t\t\t\t\t\t\t<\/div>\n\t\t\t\t<\/div>\n\t\t\t\t<\/div>\n\t\t<div class=\"elementor-element elementor-element-17579b4 e-con-full e-flex e-con e-child\" data-id=\"17579b4\" data-element_type=\"container\" data-e-type=\"container\">\n\t\t\t\t<div class=\"elementor-element elementor-element-3b15a4e elementor-invisible elementor-widget elementor-widget-image\" data-id=\"3b15a4e\" data-element_type=\"widget\" data-e-type=\"widget\" data-settings=\"{&quot;_animation&quot;:&quot;fadeInRight&quot;}\" data-widget_type=\"image.default\">\n\t\t\t\t<div class=\"elementor-widget-container\">\n\t\t\t\t\t\t\t\t\t\t\t\t\t\t\t<img decoding=\"async\" width=\"300\" height=\"300\" src=\"https:\/\/ema-evreux.fr\/wp-content\/uploads\/2024\/09\/352556115_1329943304539577_5241161232881641220_n-300x300.jpg\" class=\"attachment-medium size-medium wp-image-58\" alt=\"\" srcset=\"https:\/\/ema-evreux.fr\/wp-content\/uploads\/2024\/09\/352556115_1329943304539577_5241161232881641220_n-300x300.jpg 300w, https:\/\/ema-evreux.fr\/wp-content\/uploads\/2024\/09\/352556115_1329943304539577_5241161232881641220_n-1024x1024.jpg 1024w, https:\/\/ema-evreux.fr\/wp-content\/uploads\/2024\/09\/352556115_1329943304539577_5241161232881641220_n-150x150.jpg 150w, https:\/\/ema-evreux.fr\/wp-content\/uploads\/2024\/09\/352556115_1329943304539577_5241161232881641220_n-768x768.jpg 768w, https:\/\/ema-evreux.fr\/wp-content\/uploads\/2024\/09\/352556115_1329943304539577_5241161232881641220_n.jpg 1440w\" sizes=\"(max-width: 300px) 100vw, 300px\" \/>\t\t\t\t\t\t\t\t\t\t\t\t\t\t\t<\/div>\n\t\t\t\t<\/div>\n\t\t\t\t<div class=\"elementor-element elementor-element-60d6eab elementor-widget__width-inherit elementor-invisible elementor-widget elementor-widget-heading\" data-id=\"60d6eab\" data-element_type=\"widget\" data-e-type=\"widget\" data-settings=\"{&quot;_animation&quot;:&quot;slideInRight&quot;}\" data-widget_type=\"heading.default\">\n\t\t\t\t<div class=\"elementor-widget-container\">\n\t\t\t\t\t<h1 class=\"elementor-heading-title elementor-size-default\">Erwan DANTAN<\/h1>\t\t\t\t<\/div>\n\t\t\t\t<\/div>\n\t\t\t\t<div class=\"elementor-element elementor-element-7b88d31 elementor-widget__width-inherit elementor-invisible elementor-widget elementor-widget-heading\" data-id=\"7b88d31\" data-element_type=\"widget\" data-e-type=\"widget\" data-settings=\"{&quot;_animation&quot;:&quot;fadeInRight&quot;}\" data-widget_type=\"heading.default\">\n\t\t\t\t<div class=\"elementor-widget-container\">\n\t\t\t\t\t<h3 class=\"elementor-heading-title elementor-size-default\">\u202d07 62 18 84 10\u202c<\/h3>\t\t\t\t<\/div>\n\t\t\t\t<\/div>\n\t\t\t\t<\/div>\n\t\t<div class=\"elementor-element elementor-element-465b819 e-con-full e-flex e-con e-child\" data-id=\"465b819\" data-element_type=\"container\" data-e-type=\"container\">\n\t\t\t\t<div class=\"elementor-element elementor-element-c2ef7a9 elementor-widget elementor-widget-text-editor\" data-id=\"c2ef7a9\" data-element_type=\"widget\" data-e-type=\"widget\" data-widget_type=\"text-editor.default\">\n\t\t\t\t<div class=\"elementor-widget-container\">\n\t\t\t\t\t\t\t\t\t<ul class=\"font_8 wixui-rich-text__text\"><li class=\"wixui-rich-text__text\"><p class=\"font_8 wixui-rich-text__text\"><span class=\"wixui-rich-text__text\">Cours de guitare particulier pour d\u00e9butant, interm\u00e9diaire et confirm\u00e9.<\/span><\/p><\/li><li class=\"wixui-rich-text__text\"><p class=\"font_8 wixui-rich-text__text\"><span class=\"wixui-rich-text__text\">Cours de guitare acoustique ou \u00e9lectrique.<\/span><\/p><\/li><li class=\"wixui-rich-text__text\"><p class=\"font_8 wixui-rich-text__text\"><span class=\"wixui-rich-text__text\">Cours d&#8217;arrangement, accompagnement de chansons.<br \/><\/span><\/p><\/li><li class=\"wixui-rich-text__text\"><p class=\"font_8 wixui-rich-text__text\"><span class=\"wixui-rich-text__text\">Cours de th\u00e9orie musicale.<\/span><\/p><\/li><li>Cours de Guitare Basse d\u00e9butant.<\/li><\/ul>\t\t\t\t\t\t\t\t<\/div>\n\t\t\t\t<\/div>\n\t\t\t\t<\/div>\n\t\t<div class=\"elementor-element elementor-element-343d1ec e-con-full e-flex e-con e-child\" data-id=\"343d1ec\" data-element_type=\"container\" data-e-type=\"container\">\n\t\t\t\t<div class=\"elementor-element elementor-element-88d80ec elementor-widget elementor-widget-text-editor\" data-id=\"88d80ec\" data-element_type=\"widget\" data-e-type=\"widget\" data-widget_type=\"text-editor.default\">\n\t\t\t\t<div class=\"elementor-widget-container\">\n\t\t\t\t\t\t\t\t\t<p><span class=\"wixui-rich-text__text\">Produit de mes ann\u00e9es d&#8217;exp\u00e9rience aupr\u00e8s de mes diff\u00e9rents professeurs dans divers genres musicaux, ainsi que de mon exp\u00e9rience sc\u00e9nique, <\/span><span class=\"wixui-rich-text__text\">\u200bma m\u00e9thode s\u2019adresse \u00e0 tous, d\u00e9butants et avanc\u00e9s.<\/span><\/p><p class=\"font_8 wixui-rich-text__text\"><span class=\"wixui-rich-text__text\"><span class=\"wixGuard wixui-rich-text__text\">\u200b<\/span><\/span><\/p><p class=\"font_8 wixui-rich-text__text\"><span class=\"wixui-rich-text__text\">Une m\u00e9thode adapt\u00e9e aussi bien pour des besoins &#8220;ludique&#8221; ou de &#8220;perfectionnement&#8221;<\/span><span class=\"wixui-rich-text__text\">.<\/span><\/p>\t\t\t\t\t\t\t\t<\/div>\n\t\t\t\t<\/div>\n\t\t\t\t<\/div>\n\t\t\t\t\t<\/div>\n\t\t\t\t<\/div>\n\t\t<div class=\"elementor-element elementor-element-7dbbcbe e-flex e-con-boxed e-con e-parent\" data-id=\"7dbbcbe\" data-element_type=\"container\" data-e-type=\"container\">\n\t\t\t\t\t<div class=\"e-con-inner\">\n\t\t<div class=\"elementor-element elementor-element-85b8ab0 e-con-full e-flex e-con e-child\" data-id=\"85b8ab0\" data-element_type=\"container\" data-e-type=\"container\">\n\t\t\t\t<\/div>\n\t\t<div class=\"elementor-element elementor-element-033d4e2 e-con-full e-flex e-con e-child\" data-id=\"033d4e2\" data-element_type=\"container\" data-e-type=\"container\">\n\t\t\t\t<\/div>\n\t\t<div class=\"elementor-element elementor-element-223e998 e-con-full e-flex e-con e-child\" data-id=\"223e998\" data-element_type=\"container\" data-e-type=\"container\">\n\t\t\t\t<div class=\"elementor-element elementor-element-35f253c elementor-widget__width-inherit elementor-invisible elementor-widget elementor-widget-heading\" data-id=\"35f253c\" data-element_type=\"widget\" data-e-type=\"widget\" data-settings=\"{&quot;_animation&quot;:&quot;slideInUp&quot;}\" data-widget_type=\"heading.default\">\n\t\t\t\t<div class=\"elementor-widget-container\">\n\t\t\t\t\t<h1 class=\"elementor-heading-title elementor-size-default\">\n<\/h1>\t\t\t\t<\/div>\n\t\t\t\t<\/div>\n\t\t\t\t<\/div>\n\t\t<div class=\"elementor-element elementor-element-47f811b e-con-full e-flex e-con e-child\" data-id=\"47f811b\" data-element_type=\"container\" data-e-type=\"container\">\n\t\t\t\t<\/div>\n\t\t\t\t\t<\/div>\n\t\t\t\t<\/div>\n\t\t\t\t<\/div>\n\t\t","protected":false},"excerpt":{"rendered":"<p>Erwan DANTAN \u202d07 62 18 84 10\u202c Cours de guitare particulier pour d\u00e9butant, interm\u00e9diaire et&hellip;<\/p>\n","protected":false},"author":1,"featured_media":0,"parent":0,"menu_order":0,"comment_status":"closed","ping_status":"closed","template":"elementor_header_footer","meta":{"footnotes":""},"class_list":["post-19","page","type-page","status-publish","hentry"],"_links":{"self":[{"href":"https:\/\/ema-evreux.fr\/index.php\/wp-json\/wp\/v2\/pages\/19","targetHints":{"allow":["GET"]}}],"collection":[{"href":"https:\/\/ema-evreux.fr\/index.php\/wp-json\/wp\/v2\/pages"}],"about":[{"href":"https:\/\/ema-evreux.fr\/index.php\/wp-json\/wp\/v2\/types\/page"}],"author":[{"embeddable":true,"href":"https:\/\/ema-evreux.fr\/index.php\/wp-json\/wp\/v2\/users\/1"}],"replies":[{"embeddable":true,"href":"https:\/\/ema-evreux.fr\/index.php\/wp-json\/wp\/v2\/comments?post=19"}],"version-history":[{"count":25,"href":"https:\/\/ema-evreux.fr\/index.php\/wp-json\/wp\/v2\/pages\/19\/revisions"}],"predecessor-version":[{"id":306,"href":"https:\/\/ema-evreux.fr\/index.php\/wp-json\/wp\/v2\/pages\/19\/revisions\/306"}],"wp:attachment":[{"href":"https:\/\/ema-evreux.fr\/index.php\/wp-json\/wp\/v2\/media?parent=19"}],"curies":[{"name":"wp","href":"https:\/\/api.w.org\/{rel}","templated":true}]}}